{"id":533,"date":"2022-02-15T00:13:27","date_gmt":"2022-02-15T00:13:27","guid":{"rendered":"https:\/\/daikinmtl.com\/?post_type=product&#038;p=533"},"modified":"2022-02-19T05:43:21","modified_gmt":"2022-02-19T05:43:21","slug":"aurora-gainable","status":"publish","type":"product","link":"https:\/\/daikinmtl.com\/fr\/produit\/aurora-gainable\/","title":{"rendered":"Aurora Gainable"},"content":{"rendered":"<h2>Caract\u00e9ristiques<\/h2>\n<ul>\n<li>Efficacit\u00e9 \u00e9nerg\u00e9tique &#8211; jusqu&rsquo;\u00e0 19,4 SEER &#8211; jusqu&rsquo;\u00e0 10,8 HSPF &#8211; jusqu&rsquo;\u00e0 12,7 EER<\/li>\n<li>Capacit\u00e9 de refroidissement jusqu&rsquo;\u00e0 100 % \u00e0 104\u02daF (40\u02daC) et fonctionnement efficace jusqu&rsquo;\u00e0 115\u02daF (46\u02daC) de temp\u00e9rature ambiante.<\/li>\n<li>Capacit\u00e9 de chauffage jusqu&rsquo;\u00e0 100 % \u00e0 5\u02daF (-15\u02daC) et fonctionnement efficace jusqu&rsquo;\u00e0 -13\u02daF (-25\u02daC) de temp\u00e9rature ambiante.<\/li>\n<li>Plage de refroidissement 50\u02da &#8211; 115\u02daF (10\u02da &#8211; 46\u02daC) (fonctionnement \u00e9tendu \u00e0 -4\u02da &#8211; 115\u02daF (-20\u02da &#8211; 46\u02daC) avec r\u00e9glage de l&rsquo;installation et grille de r\u00e9glage de l&rsquo;air).<\/li>\n<li>Plage de chauffage -13\u02da &#8211; 65\u02daF (-25\u02da &#8211; 18\u02daC)<\/li>\n<li>Capable de fournir des pressions statiques externes jusqu&rsquo;\u00e0 0,6 in. WG (150 Pa) sur tous les mod\u00e8les<\/li>\n<li>Circuit imprim\u00e9 redessin\u00e9 dans l&rsquo;unit\u00e9 ext\u00e9rieure pour r\u00e9sister aux conditions extr\u00eames.<\/li>\n<li>Pression sonore int\u00e9rieure aussi basse que 33 dB(A)<\/li>\n<li>Pression sonore ext\u00e9rieure aussi basse que 50 dB(A)<\/li>\n<li>Fonction de s\u00e9chage programm\u00e9<\/li>\n<li>Commutation automatique<\/li>\n<li>Contr\u00f4le automatique de la vitesse du ventilateur (avec contr\u00f4leur c\u00e2bl\u00e9) Auto-diagnostic avec affichage num\u00e9rique<\/li>\n<li>Orifice d&rsquo;inspection du bac de vidange<\/li>\n<li>M\u00e9canisme de levage int\u00e9gr\u00e9<\/li>\n<li>Red\u00e9marrage automatique apr\u00e8s une coupure de courant<\/li>\n<li>Traitement anti-corrosion de l&rsquo;\u00e9changeur de chaleur<\/li>\n<li>Fonction de r\u00e9chauffement rapide<\/li>\n<li>Fonction de d\u00e9marrage \u00e0 chaud<\/li>\n<li>D\u00e9givrage automatique<\/li>\n<li>Compatible avec l&rsquo;adaptateur Wi-Fi DKN Cloud<\/li>\n<li>Aucun adaptateur optionnel n&rsquo;est n\u00e9cessaire pour la connexion DIII<\/li>\n<li>Reliez votre unit\u00e9 \u00e0 un syst\u00e8me de gestion de b\u00e2timent plus large<\/li>\n<li>Compatible avec le kit de zonage Daikin (DZKS)<\/li>\n<\/ul>\n<p>&nbsp;<\/p>\n<p>&nbsp;<\/p>\n","protected":false},"excerpt":{"rendered":"<p>L&rsquo;unit\u00e9 plafonni\u00e8re encastr\u00e9e \u00e0 conduits Daikin AURORA FDMQ permet une installation enti\u00e8rement dissimul\u00e9e, minimisant l&rsquo;impact sur le d\u00e9cor. Il est facile d&rsquo;int\u00e9grer de plus longs conduits et des filtres MERV \u00e9lev\u00e9s avec des pressions statiques externes pouvant atteindre 0,6 in. WG (150 Pa).<\/p>\n<p>Pour toutes les r\u00e9gions, les unit\u00e9s ext\u00e9rieures de ce syst\u00e8me de pompe \u00e0 chaleur Daikin AURORA ont \u00e9t\u00e9 redessin\u00e9es pour r\u00e9sister aux conditions m\u00e9t\u00e9orologiques extr\u00eames avec d&rsquo;excellents taux d&rsquo;efficacit\u00e9 \u00e9nerg\u00e9tique, de -13\u02daF (-25\u02daC) \u00e0 115\u02daF (46\u02daC) \u00e0 l&rsquo;ext\u00e9rieur.<\/p>\n","protected":false},"featured_media":569,"template":"","meta":[],"product_cat":[109],"product_tag":[],"class_list":["post-533","product","type-product","status-publish","has-post-thumbnail","hentry","product_cat-aurora-fr"],"_links":{"self":[{"href":"https:\/\/daikinmtl.com\/fr\/wp-json\/wp\/v2\/product\/533","targetHints":{"allow":["GET"]}}],"collection":[{"href":"https:\/\/daikinmtl.com\/fr\/wp-json\/wp\/v2\/product"}],"about":[{"href":"https:\/\/daikinmtl.com\/fr\/wp-json\/wp\/v2\/types\/product"}],"wp:featuredmedia":[{"embeddable":true,"href":"https:\/\/daikinmtl.com\/fr\/wp-json\/wp\/v2\/media\/569"}],"wp:attachment":[{"href":"https:\/\/daikinmtl.com\/fr\/wp-json\/wp\/v2\/media?parent=533"}],"wp:term":[{"taxonomy":"product_cat","embeddable":true,"href":"https:\/\/daikinmtl.com\/fr\/wp-json\/wp\/v2\/product_cat?post=533"},{"taxonomy":"product_tag","embeddable":true,"href":"https:\/\/daikinmtl.com\/fr\/wp-json\/wp\/v2\/product_tag?post=533"}],"curies":[{"name":"wp","href":"https:\/\/api.w.org\/{rel}","templated":true}]}}