{"id":471,"date":"2022-02-14T23:04:16","date_gmt":"2022-02-14T23:04:16","guid":{"rendered":"https:\/\/daikinmtl.com\/?post_type=product&#038;p=471"},"modified":"2022-02-19T05:33:03","modified_gmt":"2022-02-19T05:33:03","slug":"serie-mxl-25c","status":"publish","type":"product","link":"https:\/\/daikinmtl.com\/fr\/produit\/serie-mxl-25c\/","title":{"rendered":"Serie MXL -25C"},"content":{"rendered":"<h2>Caract\u00e9ristiques du produit<\/h2>\n<ul>\n<li>Compresseur \u00e0 onduleur<\/li>\n<li>Alimentation \u00e9lectrique 208\/230\/1<\/li>\n<li>Plage de fonctionnement en refroidissement : 14\u00b0 \u00e0 115\u00b0 F (avec coupe-circuit)<\/li>\n<li>Plage de fonctionnement du chauffage : -13\u00b0 \u00e0 75\u00b0 F (avec r\u00e9chauffeur de bac de vidange, le cas \u00e9ch\u00e9ant)<\/li>\n<li>Jusqu&rsquo;\u00e0 100% de la capacit\u00e9 de chauffage nominale \u00e0 5\u00b0 F<\/li>\n<li>Pr\u00e9-charg\u00e9 pour une ligne de liquide jusqu&rsquo;\u00e0 131 ft.<\/li>\n<li>Pressions sonores ext\u00e9rieures aussi faibles que 50 dB(A)<\/li>\n<li>Fonctionnement silencieux de l&rsquo;unit\u00e9 ext\u00e9rieure<\/li>\n<li>Commutation automatique<\/li>\n<li>Contr\u00f4le automatique de la vitesse du ventilateur<\/li>\n<li>Autodiagnostic avec affichage num\u00e9rique<\/li>\n<li>Red\u00e9marrage automatique apr\u00e8s une panne de courant<\/li>\n<li>Traitement anti-corrosion sur l&rsquo;\u00e9changeur de chaleur<\/li>\n<\/ul>\n","protected":false},"excerpt":{"rendered":"<p>La s\u00e9rie Multi Zone MXL de Daikin est la solution id\u00e9ale pour les applications multi-pi\u00e8ces. Vous pouvez connecter deux, trois ou quatre unit\u00e9s int\u00e9rieures \u00e0 une seule unit\u00e9 ext\u00e9rieure. La possibilit\u00e9 de choisir entre des unit\u00e9s murales, des unit\u00e9s \u00e0 gaine, des unit\u00e9s au sol ou des unit\u00e9s \u00e0 cassette au plafond vous offre plus de 1000 combinaisons pour vos besoins d&rsquo;installation. Le syst\u00e8me offre \u00e9galement jusqu&rsquo;\u00e0 21,7 SEER pour le confort domestique et les \u00e9conomies d&rsquo;\u00e9nergie. La s\u00e9rie MXL offre \u00e9galement une capacit\u00e9 de performance accrue dans des conditions ambiantes de chaleur et de froid extr\u00eames. Avec ses filtres \u00e0 longue dur\u00e9e de vie et son fonctionnement silencieux, la s\u00e9rie MXL est une solution fiable et efficace pour votre maison.<\/p>\n<p>Avec les syst\u00e8mes mini-split sans conduit, chaque pi\u00e8ce peut \u00eatre contr\u00f4l\u00e9e s\u00e9par\u00e9ment \u00e0 l&rsquo;aide de t\u00e9l\u00e9commandes sans fil ou filaires. La s\u00e9rie MXL est compatible avec les unit\u00e9s int\u00e9rieures Emura, Vista, FTXS, FVXS, FDMQ et FDXS\/CDXS, ce qui vous permet de les int\u00e9grer de mani\u00e8re presque invisible \u00e0 l&rsquo;ameublement existant de votre maison.<\/p>\n","protected":false},"featured_media":626,"template":"","meta":[],"product_cat":[110],"product_tag":[],"class_list":["post-471","product","type-product","status-publish","has-post-thumbnail","hentry","product_cat-multizone-fr"],"_links":{"self":[{"href":"https:\/\/daikinmtl.com\/fr\/wp-json\/wp\/v2\/product\/471","targetHints":{"allow":["GET"]}}],"collection":[{"href":"https:\/\/daikinmtl.com\/fr\/wp-json\/wp\/v2\/product"}],"about":[{"href":"https:\/\/daikinmtl.com\/fr\/wp-json\/wp\/v2\/types\/product"}],"wp:featuredmedia":[{"embeddable":true,"href":"https:\/\/daikinmtl.com\/fr\/wp-json\/wp\/v2\/media\/626"}],"wp:attachment":[{"href":"https:\/\/daikinmtl.com\/fr\/wp-json\/wp\/v2\/media?parent=471"}],"wp:term":[{"taxonomy":"product_cat","embeddable":true,"href":"https:\/\/daikinmtl.com\/fr\/wp-json\/wp\/v2\/product_cat?post=471"},{"taxonomy":"product_tag","embeddable":true,"href":"https:\/\/daikinmtl.com\/fr\/wp-json\/wp\/v2\/product_tag?post=471"}],"curies":[{"name":"wp","href":"https:\/\/api.w.org\/{rel}","templated":true}]}}