{"id":468,"date":"2022-02-14T23:01:01","date_gmt":"2022-02-14T23:01:01","guid":{"rendered":"https:\/\/daikinmtl.com\/?post_type=product&#038;p=468"},"modified":"2022-02-19T05:09:09","modified_gmt":"2022-02-19T05:09:09","slug":"emura","status":"publish","type":"product","link":"https:\/\/daikinmtl.com\/fr\/produit\/emura\/","title":{"rendered":"Emura"},"content":{"rendered":"<h2>Caract\u00e9ristiques<\/h2>\n<ul>\n<li>Finition \u00e9l\u00e9gante en argent ou en blanc pur mat<\/li>\n<li>Efficacit\u00e9 \u00e9lev\u00e9e avec jusqu&rsquo;\u00e0 18,9 SEER et jusqu&rsquo;\u00e0 12,5 HSPF.<\/li>\n<li>Niveaux sonores silencieux jusqu&rsquo;\u00e0 21 dB(A)<\/li>\n<li>Contr\u00f4leur sans fil de s\u00e9rie<\/li>\n<li>Peut \u00eatre contr\u00f4l\u00e9 \u00e0 distance avec l&rsquo;application Daikin Comfort Control App**.<\/li>\n<li>Filtre de purification de l&rsquo;air photocatalytique \u00e0 apatite de titane.<\/li>\n<li>\u0152il intelligent<\/li>\n<li>Double volet Power Airflow et flux d&rsquo;air 3D<\/li>\n<li>Minuterie hebdomadaire<\/li>\n<li>Fonction s\u00e9chage programm\u00e9<\/li>\n<li>Mode \u00e9conomique<\/li>\n<li>Mode confort<\/li>\n<li>Mode de fonctionnement puissant<\/li>\n<li>T\u00e9l\u00e9commande sans fil r\u00e9tro\u00e9clair\u00e9e<\/li>\n<li>Garantie limit\u00e9e de 12 ans sur les pi\u00e8ces*.<\/li>\n<\/ul>\n","protected":false},"excerpt":{"rendered":"<p>Daikin Emura a \u00e9t\u00e9 con\u00e7u pour \u00e9quilibrer parfaitement le leadership technologique et la beaut\u00e9 de l&rsquo;a\u00e9rodynamisme. La nouvelle g\u00e9n\u00e9ration de climatiseurs domestiques est arriv\u00e9e, offrant une technologie intelligente dans une silhouette \u00e9l\u00e9gante et incurv\u00e9e. Les climatiseurs Daikin Emura sont con\u00e7us pour satisfaire un sens unique du style \u00ab\u00a0Designer\u00a0\u00bb. Offrant une solution sophistiqu\u00e9e pour les int\u00e9rieurs contemporains, le nouveau Daikin Emura combine forme et fonctionnalit\u00e9 pour cr\u00e9er une ic\u00f4ne de la climatisation contemporaine. Disponible en argent ou en blanc mat pur, le Daikin Emura s&rsquo;impose comme un \u00e9l\u00e9ment de design moderne sur n&rsquo;importe quel mur. Cet ext\u00e9rieur discret renferme un syst\u00e8me hautement intelligent, qui peut \u00eatre contr\u00f4l\u00e9 \u00e0 distance via l&rsquo;application Daikin Comfort Control, m\u00eame en dehors de la maison.<\/p>\n<p>Le Daikin Emura est un syst\u00e8me hautement intelligent dot\u00e9 de caract\u00e9ristiques innovantes :<\/p>\n<ul>\n<li>Finition \u00e9l\u00e9gante en argent ou en blanc mat pur.<\/li>\n<li>Rendement \u00e9lev\u00e9 avec jusqu&rsquo;\u00e0 18,9 SEER et jusqu&rsquo;\u00e0 12,5 HSPF.<\/li>\n<\/ul>\n","protected":false},"featured_media":611,"template":"","meta":[],"product_cat":[107],"product_tag":[],"class_list":["post-468","product","type-product","status-publish","has-post-thumbnail","hentry","product_cat-murales-fr"],"_links":{"self":[{"href":"https:\/\/daikinmtl.com\/fr\/wp-json\/wp\/v2\/product\/468","targetHints":{"allow":["GET"]}}],"collection":[{"href":"https:\/\/daikinmtl.com\/fr\/wp-json\/wp\/v2\/product"}],"about":[{"href":"https:\/\/daikinmtl.com\/fr\/wp-json\/wp\/v2\/types\/product"}],"wp:featuredmedia":[{"embeddable":true,"href":"https:\/\/daikinmtl.com\/fr\/wp-json\/wp\/v2\/media\/611"}],"wp:attachment":[{"href":"https:\/\/daikinmtl.com\/fr\/wp-json\/wp\/v2\/media?parent=468"}],"wp:term":[{"taxonomy":"product_cat","embeddable":true,"href":"https:\/\/daikinmtl.com\/fr\/wp-json\/wp\/v2\/product_cat?post=468"},{"taxonomy":"product_tag","embeddable":true,"href":"https:\/\/daikinmtl.com\/fr\/wp-json\/wp\/v2\/product_tag?post=468"}],"curies":[{"name":"wp","href":"https:\/\/api.w.org\/{rel}","templated":true}]}}