{"id":467,"date":"2022-02-14T22:56:59","date_gmt":"2022-02-14T22:56:59","guid":{"rendered":"https:\/\/daikinmtl.com\/?post_type=product&#038;p=467"},"modified":"2022-02-19T05:00:46","modified_gmt":"2022-02-19T05:00:46","slug":"quaternity","status":"publish","type":"product","link":"https:\/\/daikinmtl.com\/fr\/produit\/quaternity\/","title":{"rendered":"Quaternity"},"content":{"rendered":"<h2 class=\"product-section-title\">Caract\u00e9ristiques<\/h2>\n<ul>\n<li class=\"product-section-title\">Efficacit\u00e9 \u00e9nerg\u00e9tique &#8211; Jusqu&rsquo;\u00e0 26,1 SEER &#8211; Jusqu&rsquo;\u00e0 11,0 HSPF &#8211; Jusqu&rsquo;\u00e0 15,8 EER &#8211; Compresseur inverseur \u00e0 vitesse variable<\/li>\n<li class=\"product-section-title\">Plage de refroidissement : 14\u00b0 &#8211; 109\u00b0 F<\/li>\n<li class=\"product-section-title\">Plage de chauffage -4\u00b0 &#8211; 75\u00b0 F<\/li>\n<li class=\"product-section-title\">Pression sonore int\u00e9rieure aussi basse que 26 dB(A)<\/li>\n<li class=\"product-section-title\">Pression sonore ext\u00e9rieure aussi basse que 46 dB(A)<\/li>\n<li class=\"product-section-title\">Double volet Power Airflow et 3-D Airflow<\/li>\n<li class=\"product-section-title\">Filtre purificateur d&rsquo;air photocatalytique \u00e0 apatite de titane<\/li>\n<li class=\"product-section-title\">Mode de fonctionnement puissant<\/li>\n<li class=\"product-section-title\">T\u00e9l\u00e9commande sans fil<\/li>\n<li class=\"product-section-title\">Commutation automatique<\/li>\n<li class=\"product-section-title\">Contr\u00f4le automatique de la vitesse du ventilateur<\/li>\n<li class=\"product-section-title\">Autodiagnostic avec affichage num\u00e9rique<\/li>\n<li class=\"product-section-title\">Red\u00e9marrage automatique apr\u00e8s une coupure de courant<\/li>\n<li class=\"product-section-title\">Traitement anti-corrosion de l&rsquo;\u00e9changeur de chaleur<\/li>\n<li class=\"product-section-title\">Fonction de r\u00e9chauffement rapide<\/li>\n<li class=\"product-section-title\">Fonction de d\u00e9marrage \u00e0 chaud<\/li>\n<li class=\"product-section-title\">D\u00e9givrage automatique<\/li>\n<\/ul>\n","protected":false},"excerpt":{"rendered":"<h3>Thermopompe mono-zone<\/h3>\n<p>QUATERNITY est con\u00e7u pour maximiser le confort, m\u00eame dans les conditions climatiques les plus difficiles. Dot\u00e9e d&rsquo;une intelligence int\u00e9gr\u00e9e et de nombreuses fonctionnalit\u00e9s dans un syst\u00e8me hautement efficace, QUATERNITY offre un environnement int\u00e9rieur confortable et rafra\u00eechissant avec une filtration et un contr\u00f4le climatique avanc\u00e9s.<\/p>\n<ul>\n<li>Performance jusqu&rsquo;\u00e0 SEER 26,1 et EER 15,8<\/li>\n<li>Jusqu&rsquo;\u00e0 11.0 HSPF<\/li>\n<li>Compatible avec le fluide frigorig\u00e8ne R-410A<\/li>\n<\/ul>\n","protected":false},"featured_media":616,"template":"","meta":[],"product_cat":[107],"product_tag":[],"class_list":["post-467","product","type-product","status-publish","has-post-thumbnail","hentry","product_cat-murales-fr"],"_links":{"self":[{"href":"https:\/\/daikinmtl.com\/fr\/wp-json\/wp\/v2\/product\/467","targetHints":{"allow":["GET"]}}],"collection":[{"href":"https:\/\/daikinmtl.com\/fr\/wp-json\/wp\/v2\/product"}],"about":[{"href":"https:\/\/daikinmtl.com\/fr\/wp-json\/wp\/v2\/types\/product"}],"wp:featuredmedia":[{"embeddable":true,"href":"https:\/\/daikinmtl.com\/fr\/wp-json\/wp\/v2\/media\/616"}],"wp:attachment":[{"href":"https:\/\/daikinmtl.com\/fr\/wp-json\/wp\/v2\/media?parent=467"}],"wp:term":[{"taxonomy":"product_cat","embeddable":true,"href":"https:\/\/daikinmtl.com\/fr\/wp-json\/wp\/v2\/product_cat?post=467"},{"taxonomy":"product_tag","embeddable":true,"href":"https:\/\/daikinmtl.com\/fr\/wp-json\/wp\/v2\/product_tag?post=467"}],"curies":[{"name":"wp","href":"https:\/\/api.w.org\/{rel}","templated":true}]}}