{"id":462,"date":"2022-02-14T22:18:56","date_gmt":"2022-02-14T22:18:56","guid":{"rendered":"https:\/\/daikinmtl.com\/product\/daikin-fit\/"},"modified":"2022-02-18T18:27:21","modified_gmt":"2022-02-18T18:27:21","slug":"daikin-fit","status":"publish","type":"product","link":"https:\/\/daikinmtl.com\/fr\/produit\/daikin-fit\/","title":{"rendered":"Daikin Fit"},"content":{"rendered":"<h2>Caract\u00e9ristiques<\/h2>\n<ul>\n<li>Compresseurs swing Daikin \u00e0 vitesse variable<\/li>\n<li>Couverture acoustique du compresseur en mousse haute densit\u00e9<\/li>\n<li>Compatible avec le thermostat intelligent Daikin One+ et d&rsquo;autres \u00e9quipements communicants Daikin<\/li>\n<li>Logique algorithmique de contr\u00f4le Daikin<\/li>\n<li>Mode de d\u00e9givrage intelligent<\/li>\n<li>En mode communicant, seuls deux fils basse tension vers l&rsquo;unit\u00e9 ext\u00e9rieure sont n\u00e9cessaires.<\/li>\n<li>T\u00e9moins lumineux de diagnostic &#8211; affichage LED \u00e0 sept segments &#8211; et m\u00e9morisation des codes d&rsquo;erreur<\/li>\n<li>Intelligence Daikin Inside pour les diagnostics<\/li>\n<li>Le mode Boost, s\u00e9lectionnable sur le terrain, augmente la vitesse du compresseur en cas de charges anormalement \u00e9lev\u00e9es.<\/li>\n<li>Moteur de ventilateur ext\u00e9rieur silencieux \u00e0 courant continu<\/li>\n<li>Filtre d\u00e9shydrateur \u00e0 double flux install\u00e9 sur place<\/li>\n<li>Sondes de temp\u00e9rature du serpentin et de l&rsquo;environnement<\/li>\n<li>Transducteur de pression d&rsquo;aspiration<\/li>\n<li>Vannes de service \u00e0 raccordement de sueur avec acc\u00e8s facile aux ports de jauge.<\/li>\n<li>Bac de drainage avanc\u00e9 pour l&rsquo;\u00e9vacuation de l&rsquo;eau<\/li>\n<li>Technologie de d\u00e9marrage \u00e0 chaud<\/li>\n<li>Certifi\u00e9 AHRI &#8211; homologu\u00e9 ETL<\/li>\n<\/ul>\n","protected":false},"excerpt":{"rendered":"<h3>Syst\u00e8me de thermopompe central<\/h3>\n<div>Le syst\u00e8me Daikin Fit est un syst\u00e8me CVC intelligent \u00e0 d\u00e9charge lat\u00e9rale qui ne fait aucun compromis sur le confort et se connecte aux solutions \u00e0 conduits traditionnelles du march\u00e9 unitaire. Sur un march\u00e9 satur\u00e9 d&rsquo;onduleurs co\u00fbteux \u00e0 haut rendement, le syst\u00e8me offre un onduleur de qualit\u00e9 sup\u00e9rieure \u00e0 rendement moyen \u00e0 un prix abordable. Le profil bas de l&rsquo;unit\u00e9 ext\u00e9rieure offre des solutions lorsqu&rsquo;un style cube traditionnel ne le peut pas.<\/div>\n<div><\/div>\n<ul>\n<li>Silencieux<\/li>\n<li>Gain de place<\/li>\n<li>Climatiseur efficace \u00e0 profil bas avec technologie Inverter<\/li>\n<li>Abordable<\/li>\n<li>Echangeur de chaleur durable<\/li>\n<li>Carte de contr\u00f4le \u00e0 autodiagnostic<\/li>\n<\/ul>\n","protected":false},"featured_media":587,"template":"","meta":[],"product_cat":[73],"product_tag":[],"class_list":["post-462","product","type-product","status-publish","has-post-thumbnail","hentry","product_cat-thermopompe"],"_links":{"self":[{"href":"https:\/\/daikinmtl.com\/fr\/wp-json\/wp\/v2\/product\/462","targetHints":{"allow":["GET"]}}],"collection":[{"href":"https:\/\/daikinmtl.com\/fr\/wp-json\/wp\/v2\/product"}],"about":[{"href":"https:\/\/daikinmtl.com\/fr\/wp-json\/wp\/v2\/types\/product"}],"wp:featuredmedia":[{"embeddable":true,"href":"https:\/\/daikinmtl.com\/fr\/wp-json\/wp\/v2\/media\/587"}],"wp:attachment":[{"href":"https:\/\/daikinmtl.com\/fr\/wp-json\/wp\/v2\/media?parent=462"}],"wp:term":[{"taxonomy":"product_cat","embeddable":true,"href":"https:\/\/daikinmtl.com\/fr\/wp-json\/wp\/v2\/product_cat?post=462"},{"taxonomy":"product_tag","embeddable":true,"href":"https:\/\/daikinmtl.com\/fr\/wp-json\/wp\/v2\/product_tag?post=462"}],"curies":[{"name":"wp","href":"https:\/\/api.w.org\/{rel}","templated":true}]}}