{"id":601,"date":"2013-08-11T20:13:42","date_gmt":"2013-08-11T20:13:42","guid":{"rendered":"https:\/\/daikinmtl.com\/faq\/"},"modified":"2022-02-20T04:59:50","modified_gmt":"2022-02-20T04:59:50","slug":"faq","status":"publish","type":"page","link":"https:\/\/daikinmtl.com\/fr\/faq\/","title":{"rendered":"FAQ"},"content":{"rendered":"\n  <div id=\"page-header-796102026\" class=\"page-header-wrapper\">\n  <div class=\"page-title dark featured-title\">\n\n    \n    <div class=\"page-title-inner container align-center flex-row medium-flex-wrap\" >\n              <div class=\"title-wrapper flex-col text-left medium-text-center\">\n          <h1 class=\"entry-title mb-0\">\n            FAQ          <\/h1>\n        <\/div>\n                    <div class=\"title-content flex-col flex-right text-right medium-text-center\">\n        <div class=\"title-breadcrumbs pb-half pt-half\"><nav class=\"woocommerce-breadcrumb breadcrumbs uppercase\">Accueil<\/nav><\/div>      <\/div>\n    <\/div>\n\n       <\/div>\n    <\/div>\n  \n\n\t<div id=\"gap-809726499\" class=\"gap-element clearfix\" style=\"display:block; height:auto;\">\n\t\t\n<style>\n#gap-809726499 {\n  padding-top: 30px;\n}\n<\/style>\n\t<\/div>\n\t\n\n<div class=\"row\"  id=\"row-1012229478\">\n\n\n\t<div id=\"col-764092954\" class=\"col medium-6 small-12 large-6\"  >\n\t\t\t\t<div class=\"col-inner\"  >\n\t\t\t\n\t\t\t\n\n\t<div class=\"img has-hover x md-x lg-x y md-y lg-y\" id=\"image_830320580\">\n\t\t\t\t\t\t\t\t<div class=\"img-inner dark\" >\n\t\t\t<img loading=\"lazy\" decoding=\"async\" width=\"600\" height=\"339\" src=\"https:\/\/daikinmtl.com\/wp-content\/uploads\/2022\/02\/wholehouse.jpg\" class=\"attachment-large size-large\" alt=\"\" srcset=\"https:\/\/daikinmtl.com\/wp-content\/uploads\/2022\/02\/wholehouse.jpg 600w, https:\/\/daikinmtl.com\/wp-content\/uploads\/2022\/02\/wholehouse-400x226.jpg 400w\" sizes=\"auto, (max-width: 600px) 100vw, 600px\" \/>\t\t\t\t\t\t\n\t\t\t\t\t<\/div>\n\t\t\t\t\t\t\t\t\n<style>\n#image_830320580 {\n  width: 100%;\n}\n<\/style>\n\t<\/div>\n\t\n\n\n\t\t<\/div>\n\t\t\t\t\t<\/div>\n\n\t\n\n\t<div id=\"col-1971179577\" class=\"col medium-6 small-12 large-6\"  >\n\t\t\t\t<div class=\"col-inner\"  >\n\t\t\t\n\t\t\t\n\n<h3 class=\"accordion_title\">FAQ - PRODUITS DAIKIN<\/h3><div class=\"accordion\" rel=\"1\">\n\n<div class=\"accordion-item\"><a href=\"#\" class=\"accordion-title plain\"><button class=\"toggle\"><i class=\"icon-angle-down\"><\/i><\/button><span>Qu'est-ce qu'une thermopompe ?<\/span><\/a><div class=\"accordion-inner\">\n\n<p>Une <b>thermopompe<\/b> extrait l&rsquo;\u00e9nergie basse temp\u00e9rature de l&rsquo;environnement et augmente sa temp\u00e9rature \u00e0 des fins de chauffage. Les rendements des pompes \u00e0 chaleur sont normalement indiqu\u00e9s comme le coefficient de performance du syst\u00e8me, qui se situe g\u00e9n\u00e9ralement entre 3 et 5. En d&rsquo;autres termes, l&rsquo;extraction de chaleur \u00e0 partir de sources renouvelables n\u00e9cessite seulement 1 kW d&rsquo;entr\u00e9e \u00e9lectrique pour g\u00e9n\u00e9rer 3 \u00e0 5 kW de chaleur. Les syst\u00e8mes de pompe \u00e0 chaleur sont donc 3 \u00e0 5 fois plus efficaces que les chaudi\u00e8res \u00e0 combustible fossile et sont plus que capables de chauffer compl\u00e8tement une maison, m\u00eame pendant les temp\u00e9ratures hivernales les plus basses. La popularit\u00e9 croissante de ces syst\u00e8mes de chauffage est refl\u00e9t\u00e9e par leur application extr\u00eamement r\u00e9ussie dans les climats froids de Scandinavie.<\/p>\n\n<\/div><\/div>\n<div class=\"accordion-item\"><a href=\"#\" class=\"accordion-title plain\"><button class=\"toggle\"><i class=\"icon-angle-down\"><\/i><\/button><span>Qu'est-ce que la technologie des onduleurs ?<\/span><\/a><div class=\"accordion-inner\">\n\n<p>La technologie de l&rsquo;onduleur est int\u00e9gr\u00e9e dans l&rsquo;unit\u00e9 ext\u00e9rieure. La technologie de l&rsquo;onduleur peut \u00eatre compar\u00e9e \u00e0 celle d&rsquo;une voiture : \u00a0\u00bb Plus vous appuyez sur l&rsquo;acc\u00e9l\u00e9rateur, plus vous allez vite. \u00a0\u00bb\r\n<\/p>\r\n<p>Une unit\u00e9 avec onduleur augmentera progressivement sa capacit\u00e9 en fonction de la capacit\u00e9 n\u00e9cessaire dans la pi\u00e8ce pour la refroidir ou la chauffer. Le non-inverter peut \u00eatre compar\u00e9 \u00e0 l&rsquo;allumage ou l&rsquo;extinction d&rsquo;une lampe. Si vous allumez ce type d&rsquo;unit\u00e9, elle commencera \u00e0 fonctionner \u00e0 pleine charge.\r\n<\/p>\r\n<h2>Avantages de la technologie de l&rsquo;onduleur :<\/h2>\r\n<ul>\r\n<li>Vous atteignez beaucoup plus rapidement la temp\u00e9rature de confort que vous souhaitez<\/li>.\r\n\r\n<li>Le temps de d\u00e9marrage est r\u00e9duit de 1\/3<\/li>\r\n<li>Vous \u00e9conomisez beaucoup d&rsquo;\u00e9nergie et aussi de l&rsquo;argent : 30% de consommation \u00e9lectrique en moins<\/li>.\r\n\r\n\r\n<li>Evite les cycles du compresseur, ce qui signifie qu&rsquo;il n&rsquo;y a pas de pics de tension<\/li>.\r\n\r\n\r\n<li>Le co\u00fbt de la consommation d&rsquo;\u00e9nergie est r\u00e9duit d&rsquo;1\/3 (par rapport aux unit\u00e9s marche\/arr\u00eat normales)<\/li>.\r\n\r\n\r\n<li>Aucune fluctuation de temp\u00e9rature <\/li>.\r\n\r\n\r\n<\/ul>\n\n<\/div><\/div>\n<div class=\"accordion-item\"><a href=\"#\" class=\"accordion-title plain\"><button class=\"toggle\"><i class=\"icon-angle-down\"><\/i><\/button><span>Pourquoi le flux d'air devient-il soudainement plus fort en mode chauffage ?<\/span><\/a><div class=\"accordion-inner\">\n\n<p>Lorsque le d\u00e9bit d&rsquo;air est r\u00e9gl\u00e9 sur BAS, la quantit\u00e9 de d\u00e9bit d&rsquo;air augmente lorsque la commande de surcharge est activ\u00e9e. (\u00ab\u00a0Surcharge\u00a0\u00bb est une condition dans laquelle le climatiseur fonctionne sous une charge excessive. La surcharge peut \u00eatre caus\u00e9e par des filtres encrass\u00e9s.)<\/p>\n\n<\/div><\/div>\n\n<\/div>\n\n\t\t<\/div>\n\t\t\t\t\t<\/div>\n\n\t\n\n<\/div>\n\n","protected":false},"excerpt":{"rendered":"","protected":false},"author":1,"featured_media":0,"parent":0,"menu_order":0,"comment_status":"closed","ping_status":"closed","template":"page-blank.php","meta":{"footnotes":""},"class_list":["post-601","page","type-page","status-publish","hentry"],"_links":{"self":[{"href":"https:\/\/daikinmtl.com\/fr\/wp-json\/wp\/v2\/pages\/601","targetHints":{"allow":["GET"]}}],"collection":[{"href":"https:\/\/daikinmtl.com\/fr\/wp-json\/wp\/v2\/pages"}],"about":[{"href":"https:\/\/daikinmtl.com\/fr\/wp-json\/wp\/v2\/types\/page"}],"author":[{"embeddable":true,"href":"https:\/\/daikinmtl.com\/fr\/wp-json\/wp\/v2\/users\/1"}],"replies":[{"embeddable":true,"href":"https:\/\/daikinmtl.com\/fr\/wp-json\/wp\/v2\/comments?post=601"}],"version-history":[{"count":2,"href":"https:\/\/daikinmtl.com\/fr\/wp-json\/wp\/v2\/pages\/601\/revisions"}],"predecessor-version":[{"id":690,"href":"https:\/\/daikinmtl.com\/fr\/wp-json\/wp\/v2\/pages\/601\/revisions\/690"}],"wp:attachment":[{"href":"https:\/\/daikinmtl.com\/fr\/wp-json\/wp\/v2\/media?parent=601"}],"curies":[{"name":"wp","href":"https:\/\/api.w.org\/{rel}","templated":true}]}}