{"id":599,"date":"2013-08-11T19:06:15","date_gmt":"2013-08-11T19:06:15","guid":{"rendered":"https:\/\/daikinmtl.com\/a-propos\/"},"modified":"2022-02-20T17:52:01","modified_gmt":"2022-02-20T17:52:01","slug":"a-propos","status":"publish","type":"page","link":"https:\/\/daikinmtl.com\/fr\/a-propos\/","title":{"rendered":"\u00c0 propos"},"content":{"rendered":"\n  <div id=\"page-header-2018088252\" class=\"page-header-wrapper\">\n  <div class=\"page-title dark featured-title\">\n\n    \n    <div class=\"page-title-inner container align-center flex-row medium-flex-wrap\" >\n              <div class=\"title-wrapper flex-col text-left medium-text-center\">\n          <h1 class=\"entry-title mb-0\">\n            \u00c0 propos          <\/h1>\n        <\/div>\n                    <div class=\"title-content flex-col flex-right text-right medium-text-center\">\n        <div class=\"title-breadcrumbs pb-half pt-half\"><nav class=\"woocommerce-breadcrumb breadcrumbs uppercase\">Accueil<\/nav><\/div>      <\/div>\n    <\/div>\n\n       <\/div>\n    <\/div>\n  \n\n\t<div id=\"gap-1934812162\" class=\"gap-element clearfix\" style=\"display:block; height:auto;\">\n\t\t\n<style>\n#gap-1934812162 {\n  padding-top: 30px;\n}\n<\/style>\n\t<\/div>\n\t\n\n<div class=\"row\"  id=\"row-880744792\">\n\n\n\t<div id=\"col-1215072402\" class=\"col small-12 large-12\"  >\n\t\t\t\t<div class=\"col-inner\"  >\n\t\t\t\n\t\t\t\n\n<p class=\"lead\">Chez Polar Bear, notre priorit\u00e9 est notre relation avec nos clients. Nous savons qu&rsquo;il est imp\u00e9ratif de comprendre les besoins de chaque client afin de bien les servir. Pour que cette relation se d\u00e9veloppe, nous nous engageons \u00e0 fournir des performances exceptionnelles en termes de livraisons, de qualit\u00e9 et de service technique.<\/p>\r\n<h3>NOTRE \u00c9QUIPE<\/h3>\r\n<p>Nos repr\u00e9sentants sont form\u00e9s pour r\u00e9pondre \u00e0 toutes vos questions et vous proposer des solutions adapt\u00e9es \u00e0 vos besoins sp\u00e9cifiques. La plupart de nos employ\u00e9s de production ont plus de 10 ans d&rsquo;exp\u00e9rience dans le domaine de la climatisation. En ce qui concerne notre personnel de bureau, chacun des membres de notre \u00e9quipe est ax\u00e9 sur le service et se nourrit du travail bien fait.<\/p>\n\n\t\t<\/div>\n\t\t\t\t\t<\/div>\n\n\t\n\n<\/div>\n\n","protected":false},"excerpt":{"rendered":"","protected":false},"author":1,"featured_media":0,"parent":0,"menu_order":0,"comment_status":"closed","ping_status":"closed","template":"page-blank.php","meta":{"footnotes":""},"class_list":["post-599","page","type-page","status-publish","hentry"],"_links":{"self":[{"href":"https:\/\/daikinmtl.com\/fr\/wp-json\/wp\/v2\/pages\/599","targetHints":{"allow":["GET"]}}],"collection":[{"href":"https:\/\/daikinmtl.com\/fr\/wp-json\/wp\/v2\/pages"}],"about":[{"href":"https:\/\/daikinmtl.com\/fr\/wp-json\/wp\/v2\/types\/page"}],"author":[{"embeddable":true,"href":"https:\/\/daikinmtl.com\/fr\/wp-json\/wp\/v2\/users\/1"}],"replies":[{"embeddable":true,"href":"https:\/\/daikinmtl.com\/fr\/wp-json\/wp\/v2\/comments?post=599"}],"version-history":[{"count":2,"href":"https:\/\/daikinmtl.com\/fr\/wp-json\/wp\/v2\/pages\/599\/revisions"}],"predecessor-version":[{"id":692,"href":"https:\/\/daikinmtl.com\/fr\/wp-json\/wp\/v2\/pages\/599\/revisions\/692"}],"wp:attachment":[{"href":"https:\/\/daikinmtl.com\/fr\/wp-json\/wp\/v2\/media?parent=599"}],"curies":[{"name":"wp","href":"https:\/\/api.w.org\/{rel}","templated":true}]}}